{"id":62,"date":"2024-11-01T16:50:20","date_gmt":"2024-11-01T15:50:20","guid":{"rendered":"https:\/\/unmoralauxabois.fr\/?page_id=62"},"modified":"2026-02-27T11:28:52","modified_gmt":"2026-02-27T10:28:52","slug":"accueil","status":"publish","type":"page","link":"https:\/\/unmoralauxabois.fr\/","title":{"rendered":"Accueil"},"content":{"rendered":"\n<h1 class=\"wp-block-heading has-text-align-center\">Bienvenue !<\/h1>\n\n\n<div class=\"has-text-align-right wp-block-post-date__modified-date wp-block-post-date\"><time datetime=\"2026-02-27T11:28:52+01:00\">27 f\u00e9vrier 2026<\/time><\/div>\n\n\n<div class=\"wp-block-group has-global-padding is-layout-constrained wp-block-group-is-layout-constrained\">\n<p class=\"has-text-align-left\">Un moral aux abois est une association loi 1901 dont la mission est de sensibiliser et lutter contre le harc\u00e8lement moral au sein des \u00e9quipes en milieu v\u00e9t\u00e9rinaire.<\/p>\n\n\n\n<p class=\"has-dm-sans-font-family\">Un Moral aux Abois est n\u00e9e d\u2019une conviction : chacun m\u00e9rite de travailler dans un <strong>environnement sain, respectueux et bienveillant<\/strong>.<\/p>\n\n\n\n<p class=\"has-dm-sans-font-family\">Nous sommes une \u00e9quipe d\u00e9vou\u00e9e, anim\u00e9e par la passion de prot\u00e9ger ceux qui veillent sur nos amis \u00e0 quatre pattes. Nos confr\u00e8res. Nos cons\u0153urs. Nos amis. Nos proches. <\/p>\n\n\n\n<p class=\"has-dm-sans-font-family\">Notre mission est simple mais profonde&nbsp;: <strong>mettre fin au harc\u00e8lement moral<\/strong> dans le milieu v\u00e9t\u00e9rinaire et offrir un soutien in\u00e9branlable \u00e0 ceux qui en ont besoin.<\/p>\n<\/div>\n\n\n\n<div class=\"wp-block-nk-awb nk-awb alignfull has-6-e-9489-background-color has-background\"><div class=\"nk-awb-wrap\" style=\"background:#6e9489\" data-awb-type=\"image\" data-awb-parallax=\"scroll\" data-awb-parallax-speed=\"0.5\" data-awb-parallax-mobile=\"true\" data-awb-image-background-size=\"cover\" data-awb-image-background-position=\"50% 50%\"><div class=\"nk-awb-inner\" style=\"opacity: 0.46;\"><img loading=\"lazy\" decoding=\"async\" src=\"https:\/\/unmoralauxabois.fr\/wp-content\/uploads\/2024\/11\/Calin-chien-chat.avif\" class=\"wp-image-104 jarallax-img\" alt=\"Chien et chat se c\u00e2linant dans l&#039;herbe\" width=\"600\" height=\"353\" ><\/div><\/div><div class=\"nk-awb-wrap-content has-global-padding is-layout-constrained wp-container-nk-awb-is-layout-92b9201d wp-block-nk-awb-is-layout-constrained\">\n<p class=\"has-text-align-center has-text-color has-link-color has-large-font-size wp-elements-60c4a1588cc4c3ee278601729cea5871\" style=\"color:#f8f8f1\">Une m\u00eame association pour tous<\/p>\n\n\n\n<ul style=\"color:#f8f8f1;padding-right:var(--wp--preset--spacing--60);padding-left:var(--wp--preset--spacing--60)\" class=\"wp-block-list has-text-color has-link-color wp-elements-21da756fece7fd68a5670682c039f828\">\n<li class=\"has-large-font-size\" style=\"margin-right:var(--wp--preset--spacing--40);margin-left:var(--wp--preset--spacing--40)\">V\u00e9t\u00e9rinaire<\/li>\n\n\n\n<li class=\"has-large-font-size\" style=\"margin-right:var(--wp--preset--spacing--40);margin-left:var(--wp--preset--spacing--40)\">ASV<\/li>\n\n\n\n<li class=\"has-large-font-size\" style=\"margin-top:0;margin-right:var(--wp--preset--spacing--40);margin-bottom:0;margin-left:var(--wp--preset--spacing--40)\">Tout acteur du monde v\u00e9t\u00e9rinaire<\/li>\n<\/ul>\n\n\n\n<p class=\"has-text-align-center has-text-color has-link-color has-large-font-size wp-elements-bb8bfb21fc331728726547981a1e39e0\" style=\"color:#f8f8f1\">Que vous soyez acteur, proche, ami ou \u00e9tudiant, cette association s\u2019adresse \u00e0 vous&nbsp;!<\/p>\n<\/div><\/div>\n\n\n\n<div class=\"wp-block-columns is-layout-flex wp-container-core-columns-is-layout-8d88fe0f wp-block-columns-is-layout-flex\" style=\"padding-top:var(--wp--preset--spacing--20);padding-bottom:var(--wp--preset--spacing--20)\">\n<div class=\"wp-block-column is-layout-flow wp-block-column-is-layout-flow\">\n<figure class=\"wp-block-image aligncenter size-full is-resized\"><img loading=\"lazy\" decoding=\"async\" width=\"256\" height=\"256\" src=\"https:\/\/unmoralauxabois.fr\/wp-content\/uploads\/2024\/11\/Un-engagement-sans-faille-e1730467178676.png\" alt=\"Deux mains qui se serrent dans un cadre rond vert\" class=\"wp-image-108\" style=\"width:120px\"\/><\/figure>\n\n\n\n<p class=\"has-text-align-center has-large-font-size\"><strong>Un engagement sans faille<\/strong><\/p>\n<\/div>\n\n\n\n<div class=\"wp-block-column is-layout-flow wp-block-column-is-layout-flow\">\n<figure class=\"wp-block-image aligncenter size-full is-resized\"><img loading=\"lazy\" decoding=\"async\" width=\"256\" height=\"256\" src=\"https:\/\/unmoralauxabois.fr\/wp-content\/uploads\/2024\/11\/Un-engagement-sans-faille-1-e1730467209802.png\" alt=\"\" class=\"wp-image-110\" style=\"width:120px;height:auto\"\/><\/figure>\n\n\n\n<p class=\"has-text-align-center has-large-font-size\"><strong>Des actions concr\u00e8tes<\/strong><\/p>\n<\/div>\n<\/div>\n\n\n\n<p class=\"has-text-align-center\" style=\"padding-top:var(--wp--preset--spacing--20);padding-bottom:var(--wp--preset--spacing--20)\">Nous sommes convaincues que ce n\u2019est qu\u2019ensemble que nous pourrons faire cesser ces agissements toxiques&nbsp;!<\/p>\n\n\n\n<div class=\"wp-block-nk-awb nk-awb alignfull\"><div class=\"nk-awb-wrap\" data-awb-type=\"image\" data-awb-parallax=\"scroll-opacity\" data-awb-parallax-speed=\"0.5\" data-awb-parallax-mobile=\"true\" data-awb-image-background-size=\"cover\" data-awb-image-background-position=\"50% 50%\"><div class=\"nk-awb-inner\"><img loading=\"lazy\" decoding=\"async\" src=\"https:\/\/unmoralauxabois.fr\/wp-content\/uploads\/2024\/11\/Montagne-dans-les-nuages.avif\" class=\"wp-image-105 jarallax-img\" alt=\"Montagne dont le sommet d\u00e9passe des nuages\" width=\"5472\" height=\"3648\" ><\/div><\/div><div class=\"nk-awb-wrap-content has-global-padding is-layout-constrained wp-container-nk-awb-is-layout-19e250f3 wp-block-nk-awb-is-layout-constrained\">\n<figure class=\"wp-block-pullquote has-base-2-color has-text-color has-link-color wp-elements-5e9f8df7a176ea062c5f38374d755d75\"><blockquote><p>Qui ne dit mot, consent<\/p><cite>Pape Boniface VIII<\/cite><\/blockquote><\/figure>\n<\/div><\/div>\n\n\n\n<p>Nous croyons en la force de l&rsquo;unit\u00e9 et en la capacit\u00e9 de chaque individu \u00e0 apporter sa contribution \u00e0 une cause noble. <\/p>\n\n\n\n<p>Que vous soyez un amoureux des animaux, un professionnel de la sant\u00e9 ou simplement quelqu&rsquo;un d\u00e9sireux de faire une diff\u00e9rence, il y a une place pour vous dans notre communaut\u00e9.<\/p>\n\n\n\n<div class=\"wp-block-columns is-layout-flex wp-container-core-columns-is-layout-28b55a6e wp-block-columns-is-layout-flex\" style=\"padding-top:var(--wp--preset--spacing--10);padding-bottom:var(--wp--preset--spacing--10)\">\n<div class=\"wp-block-column is-layout-flow wp-block-column-is-layout-flow\">\n<div class=\"wp-block-buttons is-content-justification-center is-layout-flex wp-container-core-buttons-is-layout-a89b3969 wp-block-buttons-is-layout-flex\">\n<div class=\"wp-block-button\"><a class=\"wp-block-button__link has-text-color has-background has-link-color has-custom-font-size wp-element-button\" href=\"https:\/\/www.helloasso.com\/associations\/un-moral-aux-abois\/adhesions\/adhesion-annuelle-2026\" style=\"color:#f8f8f1;background-color:#6e9489;font-size:clamp(14px, 0.875rem + ((1vw - 3.2px) * 0.417), 18px);\" target=\"_blank\" rel=\"noreferrer noopener\"><strong>Adh\u00e9rer<\/strong><\/a><\/div>\n<\/div>\n<\/div>\n\n\n\n<div class=\"wp-block-column is-layout-flow wp-block-column-is-layout-flow\">\n<div class=\"wp-block-buttons is-content-justification-center is-layout-flex wp-container-core-buttons-is-layout-a89b3969 wp-block-buttons-is-layout-flex\">\n<div class=\"wp-block-button\"><a class=\"wp-block-button__link has-text-color has-background has-link-color has-custom-font-size wp-element-button\" href=\"https:\/\/www.helloasso.com\/associations\/un-moral-aux-abois\/formulaires\/1\" style=\"color:#f8f8f1;background-color:#6e9489;font-size:clamp(14px, 0.875rem + ((1vw - 3.2px) * 0.417), 18px);\" target=\"_blank\" rel=\"noreferrer noopener\"><strong>Faire un don<\/strong><\/a><\/div>\n<\/div>\n<\/div>\n\n\n\n<div class=\"wp-block-column is-layout-flow wp-block-column-is-layout-flow\">\n<div class=\"wp-block-buttons is-content-justification-center is-layout-flex wp-container-core-buttons-is-layout-a89b3969 wp-block-buttons-is-layout-flex\">\n<div class=\"wp-block-button\"><a class=\"wp-block-button__link has-text-color has-background has-link-color has-custom-font-size wp-element-button\" href=\"mailto:unmoralauxabois@gmail.com\" style=\"color:#f8f8f1;background-color:#6e9489;font-size:clamp(14px, 0.875rem + ((1vw - 3.2px) * 0.417), 18px);\"><strong>Nous contacter<\/strong><\/a><\/div>\n<\/div>\n<\/div>\n<\/div>\n\n\n\n<p>N&rsquo;h\u00e9sitez pas \u00e0 explorer notre site et \u00e0 nous contacter pour toute question.<\/p>\n\n\n\n<p>Ensemble, nous pouvons changer les choses.<\/p>\n\n\n\n<p><\/p>\n","protected":false},"excerpt":{"rendered":"<p>Bienvenue ! Un moral aux abois est une association loi 1901 dont la mission est de sensibiliser et lutter contre le harc\u00e8lement moral au sein des \u00e9quipes en milieu v\u00e9t\u00e9rinaire. Un Moral aux Abois est n\u00e9e d\u2019une conviction : chacun m\u00e9rite de travailler dans un environnement sain, respectueux et bienveillant. Nous sommes une \u00e9quipe d\u00e9vou\u00e9e, [&hellip;]<\/p>\n","protected":false},"author":1,"featured_media":126,"parent":0,"menu_order":0,"comment_status":"open","ping_status":"closed","template":"page-no-title","meta":{"footnotes":""},"class_list":["post-62","page","type-page","status-publish","has-post-thumbnail","hentry"],"featured_image_src":"https:\/\/unmoralauxabois.fr\/wp-content\/uploads\/2024\/11\/Accueil-Un-moral-aux-abois.png","yoast_head":"<!-- This site is optimized with the Yoast SEO plugin v27.3 - https:\/\/yoast.com\/product\/yoast-seo-wordpress\/ -->\n<title>Accueil<\/title>\n<meta name=\"robots\" content=\"index, follow, max-snippet:-1, max-image-preview:large, max-video-preview:-1\" \/>\n<link rel=\"canonical\" href=\"https:\/\/unmoralauxabois.fr\/\" \/>\n<meta property=\"og:locale\" content=\"fr_FR\" \/>\n<meta property=\"og:type\" content=\"article\" \/>\n<meta property=\"og:title\" content=\"Accueil\" \/>\n<meta property=\"og:description\" content=\"Bienvenue ! Un moral aux abois est une association loi 1901 dont la mission est de sensibiliser et lutter contre le harc\u00e8lement moral au sein des \u00e9quipes en milieu v\u00e9t\u00e9rinaire. Un Moral aux Abois est n\u00e9e d\u2019une conviction : chacun m\u00e9rite de travailler dans un environnement sain, respectueux et bienveillant. Nous sommes une \u00e9quipe d\u00e9vou\u00e9e, [&hellip;]\" \/>\n<meta property=\"og:url\" content=\"https:\/\/unmoralauxabois.fr\/\" \/>\n<meta property=\"og:site_name\" content=\"Un moral aux abois\" \/>\n<meta property=\"article:publisher\" content=\"https:\/\/www.facebook.com\/profile.php?id=6155652280171\" \/>\n<meta property=\"article:modified_time\" content=\"2026-02-27T10:28:52+00:00\" \/>\n<meta property=\"og:image\" content=\"https:\/\/unmoralauxabois.fr\/wp-content\/uploads\/2024\/11\/Accueil-Un-moral-aux-abois.png\" \/>\n\t<meta property=\"og:image:width\" content=\"1920\" \/>\n\t<meta property=\"og:image:height\" content=\"1064\" \/>\n\t<meta property=\"og:image:type\" content=\"image\/png\" \/>\n<meta name=\"twitter:card\" content=\"summary_large_image\" \/>\n<meta name=\"twitter:label1\" content=\"Dur\u00e9e de lecture estim\u00e9e\" \/>\n\t<meta name=\"twitter:data1\" content=\"2 minutes\" \/>\n<script type=\"application\/ld+json\" class=\"yoast-schema-graph\">{\"@context\":\"https:\\\/\\\/schema.org\",\"@graph\":[{\"@type\":\"WebPage\",\"@id\":\"https:\\\/\\\/unmoralauxabois.fr\\\/\",\"url\":\"https:\\\/\\\/unmoralauxabois.fr\\\/\",\"name\":\"Accueil\",\"isPartOf\":{\"@id\":\"https:\\\/\\\/unmoralauxabois.fr\\\/#website\"},\"primaryImageOfPage\":{\"@id\":\"https:\\\/\\\/unmoralauxabois.fr\\\/#primaryimage\"},\"image\":{\"@id\":\"https:\\\/\\\/unmoralauxabois.fr\\\/#primaryimage\"},\"thumbnailUrl\":\"https:\\\/\\\/unmoralauxabois.fr\\\/wp-content\\\/uploads\\\/2024\\\/11\\\/Accueil-Un-moral-aux-abois.png\",\"datePublished\":\"2024-11-01T15:50:20+00:00\",\"dateModified\":\"2026-02-27T10:28:52+00:00\",\"breadcrumb\":{\"@id\":\"https:\\\/\\\/unmoralauxabois.fr\\\/#breadcrumb\"},\"inLanguage\":\"fr-FR\",\"potentialAction\":[{\"@type\":\"ReadAction\",\"target\":[\"https:\\\/\\\/unmoralauxabois.fr\\\/\"]}]},{\"@type\":\"ImageObject\",\"inLanguage\":\"fr-FR\",\"@id\":\"https:\\\/\\\/unmoralauxabois.fr\\\/#primaryimage\",\"url\":\"https:\\\/\\\/unmoralauxabois.fr\\\/wp-content\\\/uploads\\\/2024\\\/11\\\/Accueil-Un-moral-aux-abois.png\",\"contentUrl\":\"https:\\\/\\\/unmoralauxabois.fr\\\/wp-content\\\/uploads\\\/2024\\\/11\\\/Accueil-Un-moral-aux-abois.png\",\"width\":1920,\"height\":1064,\"caption\":\"Multiples images cr\u00e9ant la page d'accueil de l'association Un moral aux abois. Au centre se trouve le logo de l'association.\"},{\"@type\":\"BreadcrumbList\",\"@id\":\"https:\\\/\\\/unmoralauxabois.fr\\\/#breadcrumb\",\"itemListElement\":[{\"@type\":\"ListItem\",\"position\":1,\"name\":\"Accueil\",\"item\":\"https:\\\/\\\/unmoralauxabois.fr\\\/\"},{\"@type\":\"ListItem\",\"position\":2,\"name\":\"Accueil\"}]},{\"@type\":\"WebSite\",\"@id\":\"https:\\\/\\\/unmoralauxabois.fr\\\/#website\",\"url\":\"https:\\\/\\\/unmoralauxabois.fr\\\/\",\"name\":\"Un moral aux abois\",\"description\":\"Ensemble contre le harc\u00e8lement moral\",\"publisher\":{\"@id\":\"https:\\\/\\\/unmoralauxabois.fr\\\/#organization\"},\"potentialAction\":[{\"@type\":\"SearchAction\",\"target\":{\"@type\":\"EntryPoint\",\"urlTemplate\":\"https:\\\/\\\/unmoralauxabois.fr\\\/?s={search_term_string}\"},\"query-input\":{\"@type\":\"PropertyValueSpecification\",\"valueRequired\":true,\"valueName\":\"search_term_string\"}}],\"inLanguage\":\"fr-FR\"},{\"@type\":\"Organization\",\"@id\":\"https:\\\/\\\/unmoralauxabois.fr\\\/#organization\",\"name\":\"Un moral aux abois\",\"url\":\"https:\\\/\\\/unmoralauxabois.fr\\\/\",\"logo\":{\"@type\":\"ImageObject\",\"inLanguage\":\"fr-FR\",\"@id\":\"https:\\\/\\\/unmoralauxabois.fr\\\/#\\\/schema\\\/logo\\\/image\\\/\",\"url\":\"https:\\\/\\\/unmoralauxabois.fr\\\/wp-content\\\/uploads\\\/2025\\\/02\\\/logo-petit-final_2-fond-TR.png\",\"contentUrl\":\"https:\\\/\\\/unmoralauxabois.fr\\\/wp-content\\\/uploads\\\/2025\\\/02\\\/logo-petit-final_2-fond-TR.png\",\"width\":926,\"height\":947,\"caption\":\"Un moral aux abois\"},\"image\":{\"@id\":\"https:\\\/\\\/unmoralauxabois.fr\\\/#\\\/schema\\\/logo\\\/image\\\/\"},\"sameAs\":[\"https:\\\/\\\/www.facebook.com\\\/profile.php?id=6155652280171\",\"https:\\\/\\\/instagram.com\\\/un_moral_aux_abois\\\/\",\"https:\\\/\\\/linkedin.com\\\/company\\\/un-moral-aux-abois\"]}]}<\/script>\n<!-- \/ Yoast SEO plugin. -->","yoast_head_json":{"title":"Accueil","robots":{"index":"index","follow":"follow","max-snippet":"max-snippet:-1","max-image-preview":"max-image-preview:large","max-video-preview":"max-video-preview:-1"},"canonical":"https:\/\/unmoralauxabois.fr\/","og_locale":"fr_FR","og_type":"article","og_title":"Accueil","og_description":"Bienvenue ! Un moral aux abois est une association loi 1901 dont la mission est de sensibiliser et lutter contre le harc\u00e8lement moral au sein des \u00e9quipes en milieu v\u00e9t\u00e9rinaire. Un Moral aux Abois est n\u00e9e d\u2019une conviction : chacun m\u00e9rite de travailler dans un environnement sain, respectueux et bienveillant. Nous sommes une \u00e9quipe d\u00e9vou\u00e9e, [&hellip;]","og_url":"https:\/\/unmoralauxabois.fr\/","og_site_name":"Un moral aux abois","article_publisher":"https:\/\/www.facebook.com\/profile.php?id=6155652280171","article_modified_time":"2026-02-27T10:28:52+00:00","og_image":[{"width":1920,"height":1064,"url":"https:\/\/unmoralauxabois.fr\/wp-content\/uploads\/2024\/11\/Accueil-Un-moral-aux-abois.png","type":"image\/png"}],"twitter_card":"summary_large_image","twitter_misc":{"Dur\u00e9e de lecture estim\u00e9e":"2 minutes"},"schema":{"@context":"https:\/\/schema.org","@graph":[{"@type":"WebPage","@id":"https:\/\/unmoralauxabois.fr\/","url":"https:\/\/unmoralauxabois.fr\/","name":"Accueil","isPartOf":{"@id":"https:\/\/unmoralauxabois.fr\/#website"},"primaryImageOfPage":{"@id":"https:\/\/unmoralauxabois.fr\/#primaryimage"},"image":{"@id":"https:\/\/unmoralauxabois.fr\/#primaryimage"},"thumbnailUrl":"https:\/\/unmoralauxabois.fr\/wp-content\/uploads\/2024\/11\/Accueil-Un-moral-aux-abois.png","datePublished":"2024-11-01T15:50:20+00:00","dateModified":"2026-02-27T10:28:52+00:00","breadcrumb":{"@id":"https:\/\/unmoralauxabois.fr\/#breadcrumb"},"inLanguage":"fr-FR","potentialAction":[{"@type":"ReadAction","target":["https:\/\/unmoralauxabois.fr\/"]}]},{"@type":"ImageObject","inLanguage":"fr-FR","@id":"https:\/\/unmoralauxabois.fr\/#primaryimage","url":"https:\/\/unmoralauxabois.fr\/wp-content\/uploads\/2024\/11\/Accueil-Un-moral-aux-abois.png","contentUrl":"https:\/\/unmoralauxabois.fr\/wp-content\/uploads\/2024\/11\/Accueil-Un-moral-aux-abois.png","width":1920,"height":1064,"caption":"Multiples images cr\u00e9ant la page d'accueil de l'association Un moral aux abois. Au centre se trouve le logo de l'association."},{"@type":"BreadcrumbList","@id":"https:\/\/unmoralauxabois.fr\/#breadcrumb","itemListElement":[{"@type":"ListItem","position":1,"name":"Accueil","item":"https:\/\/unmoralauxabois.fr\/"},{"@type":"ListItem","position":2,"name":"Accueil"}]},{"@type":"WebSite","@id":"https:\/\/unmoralauxabois.fr\/#website","url":"https:\/\/unmoralauxabois.fr\/","name":"Un moral aux abois","description":"Ensemble contre le harc\u00e8lement moral","publisher":{"@id":"https:\/\/unmoralauxabois.fr\/#organization"},"potentialAction":[{"@type":"SearchAction","target":{"@type":"EntryPoint","urlTemplate":"https:\/\/unmoralauxabois.fr\/?s={search_term_string}"},"query-input":{"@type":"PropertyValueSpecification","valueRequired":true,"valueName":"search_term_string"}}],"inLanguage":"fr-FR"},{"@type":"Organization","@id":"https:\/\/unmoralauxabois.fr\/#organization","name":"Un moral aux abois","url":"https:\/\/unmoralauxabois.fr\/","logo":{"@type":"ImageObject","inLanguage":"fr-FR","@id":"https:\/\/unmoralauxabois.fr\/#\/schema\/logo\/image\/","url":"https:\/\/unmoralauxabois.fr\/wp-content\/uploads\/2025\/02\/logo-petit-final_2-fond-TR.png","contentUrl":"https:\/\/unmoralauxabois.fr\/wp-content\/uploads\/2025\/02\/logo-petit-final_2-fond-TR.png","width":926,"height":947,"caption":"Un moral aux abois"},"image":{"@id":"https:\/\/unmoralauxabois.fr\/#\/schema\/logo\/image\/"},"sameAs":["https:\/\/www.facebook.com\/profile.php?id=6155652280171","https:\/\/instagram.com\/un_moral_aux_abois\/","https:\/\/linkedin.com\/company\/un-moral-aux-abois"]}]}},"_links":{"self":[{"href":"https:\/\/unmoralauxabois.fr\/index.php\/wp-json\/wp\/v2\/pages\/62","targetHints":{"allow":["GET"]}}],"collection":[{"href":"https:\/\/unmoralauxabois.fr\/index.php\/wp-json\/wp\/v2\/pages"}],"about":[{"href":"https:\/\/unmoralauxabois.fr\/index.php\/wp-json\/wp\/v2\/types\/page"}],"author":[{"embeddable":true,"href":"https:\/\/unmoralauxabois.fr\/index.php\/wp-json\/wp\/v2\/users\/1"}],"replies":[{"embeddable":true,"href":"https:\/\/unmoralauxabois.fr\/index.php\/wp-json\/wp\/v2\/comments?post=62"}],"version-history":[{"count":32,"href":"https:\/\/unmoralauxabois.fr\/index.php\/wp-json\/wp\/v2\/pages\/62\/revisions"}],"predecessor-version":[{"id":600,"href":"https:\/\/unmoralauxabois.fr\/index.php\/wp-json\/wp\/v2\/pages\/62\/revisions\/600"}],"wp:featuredmedia":[{"embeddable":true,"href":"https:\/\/unmoralauxabois.fr\/index.php\/wp-json\/wp\/v2\/media\/126"}],"wp:attachment":[{"href":"https:\/\/unmoralauxabois.fr\/index.php\/wp-json\/wp\/v2\/media?parent=62"}],"curies":[{"name":"wp","href":"https:\/\/api.w.org\/{rel}","templated":true}]}}