{"id":421,"date":"2024-12-16T13:35:28","date_gmt":"2024-12-16T12:35:28","guid":{"rendered":"https:\/\/unmoralauxabois.fr\/?page_id=421"},"modified":"2025-02-24T10:24:50","modified_gmt":"2025-02-24T09:24:50","slug":"generalites","status":"publish","type":"page","link":"https:\/\/unmoralauxabois.fr\/index.php\/generalites\/","title":{"rendered":"G\u00e9n\u00e9ralit\u00e9s"},"content":{"rendered":"<ul class=\"wp-block-latest-posts__list is-grid columns-3 alignwide wp-block-latest-posts\"><li><div class=\"wp-block-latest-posts__featured-image\"><a href=\"https:\/\/unmoralauxabois.fr\/index.php\/2024\/11\/05\/quest-ce-que-le-harcelement-moral\/\" aria-label=\"Qu&rsquo;est-ce que le harc\u00e8lement moral ?\"><img loading=\"lazy\" decoding=\"async\" width=\"300\" height=\"220\" src=\"https:\/\/unmoralauxabois.fr\/wp-content\/uploads\/2024\/11\/harcelement-300x220.jpg\" class=\"attachment-medium size-medium wp-post-image\" alt=\"Un homme et une femme victime de harc\u00e8lement moral\" style=\"\" srcset=\"https:\/\/unmoralauxabois.fr\/wp-content\/uploads\/2024\/11\/harcelement-300x220.jpg 300w, https:\/\/unmoralauxabois.fr\/wp-content\/uploads\/2024\/11\/harcelement-1024x752.jpg 1024w, https:\/\/unmoralauxabois.fr\/wp-content\/uploads\/2024\/11\/harcelement-768x564.jpg 768w, https:\/\/unmoralauxabois.fr\/wp-content\/uploads\/2024\/11\/harcelement-1536x1128.jpg 1536w, https:\/\/unmoralauxabois.fr\/wp-content\/uploads\/2024\/11\/harcelement-500x367.jpg 500w, https:\/\/unmoralauxabois.fr\/wp-content\/uploads\/2024\/11\/harcelement-800x588.jpg 800w, https:\/\/unmoralauxabois.fr\/wp-content\/uploads\/2024\/11\/harcelement-1280x940.jpg 1280w, https:\/\/unmoralauxabois.fr\/wp-content\/uploads\/2024\/11\/harcelement-1920x1410.jpg 1920w, https:\/\/unmoralauxabois.fr\/wp-content\/uploads\/2024\/11\/harcelement.jpg 2030w\" sizes=\"auto, (max-width: 300px) 100vw, 300px\" \/><\/a><\/div><a class=\"wp-block-latest-posts__post-title\" href=\"https:\/\/unmoralauxabois.fr\/index.php\/2024\/11\/05\/quest-ce-que-le-harcelement-moral\/\">Qu&rsquo;est-ce que le harc\u00e8lement moral ?<\/a><div class=\"wp-block-latest-posts__post-excerpt\">En quelques mots, le harc\u00e8lement moral se caract\u00e9rise par des comportements r\u00e9p\u00e9t\u00e9s qui rendent une personne inconfortable. Qui portent atteinte \u00e0 sa dignit\u00e9. D\u00e9gradent ses conditions de travail.<\/div><\/li>\n<li><div class=\"wp-block-latest-posts__featured-image\"><a href=\"https:\/\/unmoralauxabois.fr\/index.php\/2024\/11\/08\/effets-victimes-harcelement-moral\/\" aria-label=\"Quels sont les effets du harc\u00e8lement moral sur les victimes\"><img loading=\"lazy\" decoding=\"async\" width=\"300\" height=\"300\" src=\"https:\/\/unmoralauxabois.fr\/wp-content\/uploads\/2024\/11\/Image-Audrey-VDV-300x300.png\" class=\"attachment-medium size-medium wp-post-image\" alt=\"Repr\u00e9sentation graphique des effets du harc\u00e8lement moral sur une personne\" style=\"\" srcset=\"https:\/\/unmoralauxabois.fr\/wp-content\/uploads\/2024\/11\/Image-Audrey-VDV-300x300.png 300w, https:\/\/unmoralauxabois.fr\/wp-content\/uploads\/2024\/11\/Image-Audrey-VDV-1024x1024.png 1024w, https:\/\/unmoralauxabois.fr\/wp-content\/uploads\/2024\/11\/Image-Audrey-VDV-150x150.png 150w, https:\/\/unmoralauxabois.fr\/wp-content\/uploads\/2024\/11\/Image-Audrey-VDV-768x768.png 768w, https:\/\/unmoralauxabois.fr\/wp-content\/uploads\/2024\/11\/Image-Audrey-VDV-1536x1536.png 1536w, https:\/\/unmoralauxabois.fr\/wp-content\/uploads\/2024\/11\/Image-Audrey-VDV-500x500.png 500w, https:\/\/unmoralauxabois.fr\/wp-content\/uploads\/2024\/11\/Image-Audrey-VDV-800x800.png 800w, https:\/\/unmoralauxabois.fr\/wp-content\/uploads\/2024\/11\/Image-Audrey-VDV-1280x1280.png 1280w, https:\/\/unmoralauxabois.fr\/wp-content\/uploads\/2024\/11\/Image-Audrey-VDV-1920x1920.png 1920w, https:\/\/unmoralauxabois.fr\/wp-content\/uploads\/2024\/11\/Image-Audrey-VDV.png 2048w\" sizes=\"auto, (max-width: 300px) 100vw, 300px\" \/><\/a><\/div><a class=\"wp-block-latest-posts__post-title\" href=\"https:\/\/unmoralauxabois.fr\/index.php\/2024\/11\/08\/effets-victimes-harcelement-moral\/\">Quels sont les effets du harc\u00e8lement moral sur les victimes<\/a><div class=\"wp-block-latest-posts__post-excerpt\">Le harc\u00e8lement moral est une probl\u00e9matique grave et complexe qui touche de nombreux secteurs professionnels, y compris le milieu v\u00e9t\u00e9rinaire. Les cons\u00e9quences de cette violence insidieuse peuvent \u00eatre d\u00e9vastatrices sur les victimes.\nMalheureusement, les cas de harc\u00e8lement moral sont peu d\u00e9cel\u00e9s car ses effets souvent m\u00e9connus.<\/div><\/li>\n<li><div class=\"wp-block-latest-posts__featured-image\"><a href=\"https:\/\/unmoralauxabois.fr\/index.php\/2024\/11\/14\/effets-entreprise-harcelement-moral\/\" aria-label=\"Quels sont les effets du harc\u00e8lement moral pour les entreprises ?\"><img loading=\"lazy\" decoding=\"async\" width=\"300\" height=\"240\" src=\"https:\/\/unmoralauxabois.fr\/wp-content\/uploads\/2024\/11\/Devanture-Clinique-veterinaire-300x240.png\" class=\"attachment-medium size-medium wp-post-image\" alt=\"\" style=\"\" srcset=\"https:\/\/unmoralauxabois.fr\/wp-content\/uploads\/2024\/11\/Devanture-Clinique-veterinaire-300x240.png 300w, https:\/\/unmoralauxabois.fr\/wp-content\/uploads\/2024\/11\/Devanture-Clinique-veterinaire-768x614.png 768w, https:\/\/unmoralauxabois.fr\/wp-content\/uploads\/2024\/11\/Devanture-Clinique-veterinaire-500x400.png 500w, https:\/\/unmoralauxabois.fr\/wp-content\/uploads\/2024\/11\/Devanture-Clinique-veterinaire-800x640.png 800w, https:\/\/unmoralauxabois.fr\/wp-content\/uploads\/2024\/11\/Devanture-Clinique-veterinaire.png 1000w\" sizes=\"auto, (max-width: 300px) 100vw, 300px\" \/><\/a><\/div><a class=\"wp-block-latest-posts__post-title\" href=\"https:\/\/unmoralauxabois.fr\/index.php\/2024\/11\/14\/effets-entreprise-harcelement-moral\/\">Quels sont les effets du harc\u00e8lement moral pour les entreprises ?<\/a><div class=\"wp-block-latest-posts__post-excerpt\">Le harc\u00e8lement moral n\u2019affecte pas seulement les individus, il peut mettre en p\u00e9ril toute l\u2019entreprise. Cet article plonge au c\u0153ur des effets de cette probl\u00e9matique souvent sous-estim\u00e9e, r\u00e9v\u00e9lant les impacts insidieux qui touchent toute l\u2019entreprise.<\/div><\/li>\n<\/ul>","protected":false},"excerpt":{"rendered":"","protected":false},"author":1,"featured_media":0,"parent":0,"menu_order":0,"comment_status":"closed","ping_status":"closed","template":"","meta":{"footnotes":""},"class_list":["post-421","page","type-page","status-publish","hentry"],"featured_image_src":null,"yoast_head":"<!-- This site is optimized with the Yoast SEO plugin v27.3 - https:\/\/yoast.com\/product\/yoast-seo-wordpress\/ -->\n<title>G\u00e9n\u00e9ralit\u00e9s<\/title>\n<meta name=\"robots\" content=\"index, follow, max-snippet:-1, max-image-preview:large, max-video-preview:-1\" \/>\n<link rel=\"canonical\" href=\"https:\/\/unmoralauxabois.fr\/index.php\/generalites\/\" \/>\n<meta property=\"og:locale\" content=\"fr_FR\" \/>\n<meta property=\"og:type\" content=\"article\" \/>\n<meta property=\"og:title\" content=\"G\u00e9n\u00e9ralit\u00e9s\" \/>\n<meta property=\"og:url\" content=\"https:\/\/unmoralauxabois.fr\/index.php\/generalites\/\" \/>\n<meta property=\"og:site_name\" content=\"Un moral aux abois\" \/>\n<meta property=\"article:publisher\" content=\"https:\/\/www.facebook.com\/profile.php?id=6155652280171\" \/>\n<meta property=\"article:modified_time\" content=\"2025-02-24T09:24:50+00:00\" \/>\n<meta property=\"og:image\" content=\"https:\/\/unmoralauxabois.fr\/wp-content\/uploads\/2024\/10\/Rond.png\" \/>\n\t<meta property=\"og:image:width\" content=\"2000\" \/>\n\t<meta property=\"og:image:height\" content=\"2000\" \/>\n\t<meta property=\"og:image:type\" content=\"image\/png\" \/>\n<meta name=\"twitter:card\" content=\"summary_large_image\" \/>\n<script type=\"application\/ld+json\" class=\"yoast-schema-graph\">{\"@context\":\"https:\\\/\\\/schema.org\",\"@graph\":[{\"@type\":\"WebPage\",\"@id\":\"https:\\\/\\\/unmoralauxabois.fr\\\/index.php\\\/generalites\\\/\",\"url\":\"https:\\\/\\\/unmoralauxabois.fr\\\/index.php\\\/generalites\\\/\",\"name\":\"G\u00e9n\u00e9ralit\u00e9s\",\"isPartOf\":{\"@id\":\"https:\\\/\\\/unmoralauxabois.fr\\\/#website\"},\"datePublished\":\"2024-12-16T12:35:28+00:00\",\"dateModified\":\"2025-02-24T09:24:50+00:00\",\"breadcrumb\":{\"@id\":\"https:\\\/\\\/unmoralauxabois.fr\\\/index.php\\\/generalites\\\/#breadcrumb\"},\"inLanguage\":\"fr-FR\",\"potentialAction\":[{\"@type\":\"ReadAction\",\"target\":[\"https:\\\/\\\/unmoralauxabois.fr\\\/index.php\\\/generalites\\\/\"]}]},{\"@type\":\"BreadcrumbList\",\"@id\":\"https:\\\/\\\/unmoralauxabois.fr\\\/index.php\\\/generalites\\\/#breadcrumb\",\"itemListElement\":[{\"@type\":\"ListItem\",\"position\":1,\"name\":\"Accueil\",\"item\":\"https:\\\/\\\/unmoralauxabois.fr\\\/\"},{\"@type\":\"ListItem\",\"position\":2,\"name\":\"G\u00e9n\u00e9ralit\u00e9s\"}]},{\"@type\":\"WebSite\",\"@id\":\"https:\\\/\\\/unmoralauxabois.fr\\\/#website\",\"url\":\"https:\\\/\\\/unmoralauxabois.fr\\\/\",\"name\":\"Un moral aux abois\",\"description\":\"Ensemble contre le harc\u00e8lement moral\",\"publisher\":{\"@id\":\"https:\\\/\\\/unmoralauxabois.fr\\\/#organization\"},\"potentialAction\":[{\"@type\":\"SearchAction\",\"target\":{\"@type\":\"EntryPoint\",\"urlTemplate\":\"https:\\\/\\\/unmoralauxabois.fr\\\/?s={search_term_string}\"},\"query-input\":{\"@type\":\"PropertyValueSpecification\",\"valueRequired\":true,\"valueName\":\"search_term_string\"}}],\"inLanguage\":\"fr-FR\"},{\"@type\":\"Organization\",\"@id\":\"https:\\\/\\\/unmoralauxabois.fr\\\/#organization\",\"name\":\"Un moral aux abois\",\"url\":\"https:\\\/\\\/unmoralauxabois.fr\\\/\",\"logo\":{\"@type\":\"ImageObject\",\"inLanguage\":\"fr-FR\",\"@id\":\"https:\\\/\\\/unmoralauxabois.fr\\\/#\\\/schema\\\/logo\\\/image\\\/\",\"url\":\"https:\\\/\\\/unmoralauxabois.fr\\\/wp-content\\\/uploads\\\/2025\\\/02\\\/logo-petit-final_2-fond-TR.png\",\"contentUrl\":\"https:\\\/\\\/unmoralauxabois.fr\\\/wp-content\\\/uploads\\\/2025\\\/02\\\/logo-petit-final_2-fond-TR.png\",\"width\":926,\"height\":947,\"caption\":\"Un moral aux abois\"},\"image\":{\"@id\":\"https:\\\/\\\/unmoralauxabois.fr\\\/#\\\/schema\\\/logo\\\/image\\\/\"},\"sameAs\":[\"https:\\\/\\\/www.facebook.com\\\/profile.php?id=6155652280171\",\"https:\\\/\\\/instagram.com\\\/un_moral_aux_abois\\\/\",\"https:\\\/\\\/linkedin.com\\\/company\\\/un-moral-aux-abois\"]}]}<\/script>\n<!-- \/ Yoast SEO plugin. -->","yoast_head_json":{"title":"G\u00e9n\u00e9ralit\u00e9s","robots":{"index":"index","follow":"follow","max-snippet":"max-snippet:-1","max-image-preview":"max-image-preview:large","max-video-preview":"max-video-preview:-1"},"canonical":"https:\/\/unmoralauxabois.fr\/index.php\/generalites\/","og_locale":"fr_FR","og_type":"article","og_title":"G\u00e9n\u00e9ralit\u00e9s","og_url":"https:\/\/unmoralauxabois.fr\/index.php\/generalites\/","og_site_name":"Un moral aux abois","article_publisher":"https:\/\/www.facebook.com\/profile.php?id=6155652280171","article_modified_time":"2025-02-24T09:24:50+00:00","og_image":[{"width":2000,"height":2000,"url":"https:\/\/unmoralauxabois.fr\/wp-content\/uploads\/2024\/10\/Rond.png","type":"image\/png"}],"twitter_card":"summary_large_image","schema":{"@context":"https:\/\/schema.org","@graph":[{"@type":"WebPage","@id":"https:\/\/unmoralauxabois.fr\/index.php\/generalites\/","url":"https:\/\/unmoralauxabois.fr\/index.php\/generalites\/","name":"G\u00e9n\u00e9ralit\u00e9s","isPartOf":{"@id":"https:\/\/unmoralauxabois.fr\/#website"},"datePublished":"2024-12-16T12:35:28+00:00","dateModified":"2025-02-24T09:24:50+00:00","breadcrumb":{"@id":"https:\/\/unmoralauxabois.fr\/index.php\/generalites\/#breadcrumb"},"inLanguage":"fr-FR","potentialAction":[{"@type":"ReadAction","target":["https:\/\/unmoralauxabois.fr\/index.php\/generalites\/"]}]},{"@type":"BreadcrumbList","@id":"https:\/\/unmoralauxabois.fr\/index.php\/generalites\/#breadcrumb","itemListElement":[{"@type":"ListItem","position":1,"name":"Accueil","item":"https:\/\/unmoralauxabois.fr\/"},{"@type":"ListItem","position":2,"name":"G\u00e9n\u00e9ralit\u00e9s"}]},{"@type":"WebSite","@id":"https:\/\/unmoralauxabois.fr\/#website","url":"https:\/\/unmoralauxabois.fr\/","name":"Un moral aux abois","description":"Ensemble contre le harc\u00e8lement moral","publisher":{"@id":"https:\/\/unmoralauxabois.fr\/#organization"},"potentialAction":[{"@type":"SearchAction","target":{"@type":"EntryPoint","urlTemplate":"https:\/\/unmoralauxabois.fr\/?s={search_term_string}"},"query-input":{"@type":"PropertyValueSpecification","valueRequired":true,"valueName":"search_term_string"}}],"inLanguage":"fr-FR"},{"@type":"Organization","@id":"https:\/\/unmoralauxabois.fr\/#organization","name":"Un moral aux abois","url":"https:\/\/unmoralauxabois.fr\/","logo":{"@type":"ImageObject","inLanguage":"fr-FR","@id":"https:\/\/unmoralauxabois.fr\/#\/schema\/logo\/image\/","url":"https:\/\/unmoralauxabois.fr\/wp-content\/uploads\/2025\/02\/logo-petit-final_2-fond-TR.png","contentUrl":"https:\/\/unmoralauxabois.fr\/wp-content\/uploads\/2025\/02\/logo-petit-final_2-fond-TR.png","width":926,"height":947,"caption":"Un moral aux abois"},"image":{"@id":"https:\/\/unmoralauxabois.fr\/#\/schema\/logo\/image\/"},"sameAs":["https:\/\/www.facebook.com\/profile.php?id=6155652280171","https:\/\/instagram.com\/un_moral_aux_abois\/","https:\/\/linkedin.com\/company\/un-moral-aux-abois"]}]}},"_links":{"self":[{"href":"https:\/\/unmoralauxabois.fr\/index.php\/wp-json\/wp\/v2\/pages\/421","targetHints":{"allow":["GET"]}}],"collection":[{"href":"https:\/\/unmoralauxabois.fr\/index.php\/wp-json\/wp\/v2\/pages"}],"about":[{"href":"https:\/\/unmoralauxabois.fr\/index.php\/wp-json\/wp\/v2\/types\/page"}],"author":[{"embeddable":true,"href":"https:\/\/unmoralauxabois.fr\/index.php\/wp-json\/wp\/v2\/users\/1"}],"replies":[{"embeddable":true,"href":"https:\/\/unmoralauxabois.fr\/index.php\/wp-json\/wp\/v2\/comments?post=421"}],"version-history":[{"count":2,"href":"https:\/\/unmoralauxabois.fr\/index.php\/wp-json\/wp\/v2\/pages\/421\/revisions"}],"predecessor-version":[{"id":557,"href":"https:\/\/unmoralauxabois.fr\/index.php\/wp-json\/wp\/v2\/pages\/421\/revisions\/557"}],"wp:attachment":[{"href":"https:\/\/unmoralauxabois.fr\/index.php\/wp-json\/wp\/v2\/media?parent=421"}],"curies":[{"name":"wp","href":"https:\/\/api.w.org\/{rel}","templated":true}]}}